{"id":10,"date":"2020-08-04T07:22:18","date_gmt":"2020-08-04T00:22:18","guid":{"rendered":"http:\/\/template.southteam.co\/?page_id=10"},"modified":"2025-12-12T14:21:55","modified_gmt":"2025-12-12T07:21:55","slug":"gioi-thieu","status":"publish","type":"page","link":"https:\/\/appletransvn.com\/vi\/gioi-thieu\/","title":{"rendered":"V\u1ec1 ch\u00fang t\u00f4i"},"content":{"rendered":"<p>[vc_row full_width=&#8221;stretch_row&#8221; content_placement=&#8221;middle&#8221; css=&#8221;.vc_custom_1643089330982{padding-top: 20px !important;padding-bottom: 80px !important;background-position: center !important;background-repeat: no-repeat !important;background-size: cover !important;}&#8221; el_class=&#8221;row-over&#8221; el_id=&#8221;about-us&#8221;][vc_column width=&#8221;5\/12&#8243;][vc_single_image image=&#8221;591&#8243; img_size=&#8221;large&#8221;][\/vc_column][vc_column width=&#8221;7\/12&#8243;][vc_custom_heading text=&#8221;V\u1ec1 Ch\u00fang T\u00f4i&#8221; use_theme_fonts=&#8221;yes&#8221; el_class=&#8221;title-text-1 text-SSP&#8221;][vc_custom_heading text=&#8221;Apple Trans Co., LTD&#8221; use_theme_fonts=&#8221;yes&#8221; el_class=&#8221;title-text-2 text-SSP&#8221;][vc_column_text el_class=&#8221;content-about-us&#8221;]N\u0103m 2021 sau 2 n\u0103m c\u1ea3 th\u1ebf gi\u1edbi bi\u1ebft \u0111\u1ebfn ch\u1ee7ng Vi rut Corona (b\u1ec7nh vi\u00eam \u0111\u01b0\u1eddng h\u00f4 h\u1ea5p c\u1ea5p) C\u00e1c n\u01b0\u1edbc tr\u00ean th\u1ebf gi\u1edbi trong \u0111\u00f3 c\u00f3 Vi\u1ec7t Nam \u0111\u1ec1u g\u1ed3ng m\u00ecnh ch\u1ed1ng d\u1ecbch v\u00ec vi r\u00fat v\u1eabn ch\u01b0a \u0111\u01b0\u1ee3c ki\u1ec3m so\u00e1t. Nhu c\u1ea7u trao \u0111\u1ed5i mua b\u00e1n th\u01b0\u01a1ng m\u1ea1i qu\u1ed1c t\u1ebf c\u1ee7a c\u00e1c qu\u1ed1c gia ng\u00e0y c\u00e0ng t\u0103ng cao. N\u1eafm b\u1eaft c\u01a1 h\u1ed9i n\u00e0y, ng\u00e0y 12 th\u00e1ng 3 n\u0103m 2021, c\u00f4ng ty Apple Trans ra \u0111\u1eddi, \u0111\u1ec3 g\u00f3p m\u1ed9t ph\u1ea7n nh\u1ecf trong chu\u1ed7i cung \u1ee9ng v\u1eadn chuy\u1ec3n h\u00e0ng h\u00f3a tr\u00ean to\u00e0n c\u1ea7u.<\/p>\n<p>V\u1edbi kinh nghi\u1ec7m c\u1ee7a ch\u00fang t\u00f4i h\u01a1n 10 n\u0103m trong ng\u00e0nh d\u1ecbch v\u1ee5 giao nh\u1eadn h\u00e0ng h\u00f3a xu\u1ea5t nh\u1eadp kh\u1ea9u b\u1eb1ng \u0111\u01b0\u1eddng bi\u1ec3n &amp; \u0111\u01b0\u1eddng h\u00e0ng kh\u00f4ng, cty Apple Trans t\u1ef1 tin cung c\u1ea5p cho kh\u00e1ch h\u00e0ng trong &amp; ngo\u00e0i n\u01b0\u1edbc m\u1ed9t c\u00e1ch t\u1ed1t nh\u1ea5t c\u00f3 th\u1ec3 v\u1ec1 gi\u00e1 c\u01b0\u1edbc &amp; d\u1ecbch v\u1ee5 li\u00ean quan t\u1edbi v\u1eadn chuy\u1ec3n h\u00e0ng h\u00f3a xu\u1ea5t nh\u1eadp kh\u1ea9u. V\u1edbi mong mu\u1ed1n h\u1ebft \u0111\u1ebfn cho t\u1ea5t c\u1ea3 c\u00e1c \u0111\u1ed1i t\u00e1c &amp; kh\u00e1ch h\u00e0ng c\u00f9ng chi\u1ebfn th\u1eafng, \u0111\u00f4i b\u00ean c\u00f9ng c\u00f3 l\u1ee3i. \u0110\u00f3 c\u0169ng l\u00e0 m\u1ee5c ti\u00eau ti\u00eau &amp; t\u00f4n ch\u1ec9 nang c\u1ee7a c\u00f4ng ty Apple Trans v\u00e0 c\u0169ng l\u00e0 kh\u1ea9u hi\u1ec7u &#8221; Win-Win&#8221; ra \u0111\u1eddi c\u1ee7a c\u00f4ng ty ch\u00fang t\u00f4i.[\/vc_column_text][\/vc_column][\/vc_row][vc_row][vc_column width=&#8221;1\/4&#8243;][vc_single_image image=&#8221;3105&#8243; img_size=&#8221;full&#8221; alignment=&#8221;center&#8221;][\/vc_column][vc_column width=&#8221;1\/4&#8243;][vc_single_image image=&#8221;3107&#8243; img_size=&#8221;full&#8221; alignment=&#8221;center&#8221;][\/vc_column][vc_column width=&#8221;1\/4&#8243;][vc_single_image image=&#8221;3108&#8243; img_size=&#8221;full&#8221; alignment=&#8221;center&#8221;][\/vc_column][vc_column width=&#8221;1\/4&#8243;][vc_single_image image=&#8221;4345&#8243; img_size=&#8221;full&#8221;][\/vc_column][\/vc_row][vc_row full_width=&#8221;stretch_row&#8221; content_placement=&#8221;middle&#8221; css=&#8221;.vc_custom_1646025075311{padding-top: 20px !important;background-color: #f4f4f4 !important;background-position: center !important;background-repeat: no-repeat !important;background-size: cover !important;}&#8221; el_class=&#8221;row-over&#8221;][vc_column width=&#8221;7\/12&#8243;][vc_custom_heading text=&#8221;Gi\u00e1 tr\u1ecb c\u1ed1t l\u00f5i&#8221; use_theme_fonts=&#8221;yes&#8221; el_class=&#8221;title-text-2 text-SSP&#8221;][vc_column_text]Ch\u00fang t\u00f4i tin r\u1eb1ng c\u00f3 th\u1ec3 d\u1eabn \u0111\u1ea7u ng\u00e0nh logistics to\u00e0n c\u1ea7u theo c\u00e1c ti\u00eau chu\u1ea9n cao v\u00e0 cung c\u1ea5p d\u1ecbch v\u1ee5 qu\u1ea3n l\u00fd v\u1eadn chuy\u1ec3n h\u00e0ng h\u00f3a \u0111\u1eb3ng c\u1ea5p th\u1ebf gi\u1edbi cho c\u00e1c kh\u00e1ch h\u00e0ng trong t\u01b0\u01a1ng lai c\u1ee7a c\u00f4ng ty.[\/vc_column_text][\/vc_column][vc_column width=&#8221;5\/12&#8243;][vc_single_image image=&#8221;705&#8243; img_size=&#8221;large&#8221;][\/vc_column][\/vc_row][vc_row full_width=&#8221;stretch_row&#8221; parallax=&#8221;content-moving&#8221; parallax_image=&#8221;509&#8243; css=&#8221;.vc_custom_1641550523951{padding-top: 50px !important;padding-bottom: 80px !important;}&#8221; el_id=&#8221;customer&#8221;][vc_column][vc_custom_heading text=&#8221;Kh\u00e1ch h\u00e0ng &#8211; \u0110\u1ed1i t\u00e1c&#8221; font_container=&#8221;tag:h2|text_align:center|color:%23ffffff&#8221; use_theme_fonts=&#8221;yes&#8221; el_class=&#8221;title-text-2 text-SSP&#8221;][vc_empty_space height=&#8221;20px&#8221;]<div class=\"gallery-carousel  wpb_animate_when_almost_visible wpb_ \">\r\n\t <div class=\"owl-carousel owl-theme carousel\" data-collumn=\"5\">\r\n    \t<div class=\"gallery-item\">\r\n\t\t<img class=\"owl-lazy\" data-src=\"https:\/\/appletransvn.com\/wp-content\/uploads\/2021\/12\/ags.png\">\r\n\t<\/div>\r\n \t<div class=\"gallery-item\">\r\n\t\t<img class=\"owl-lazy\" data-src=\"https:\/\/appletransvn.com\/wp-content\/uploads\/2021\/12\/roma.png\">\r\n\t<\/div>\r\n \t<div class=\"gallery-item\">\r\n\t\t<img class=\"owl-lazy\" data-src=\"https:\/\/appletransvn.com\/wp-content\/uploads\/2021\/12\/shopee.png\">\r\n\t<\/div>\r\n \t<div class=\"gallery-item\">\r\n\t\t<img class=\"owl-lazy\" data-src=\"https:\/\/appletransvn.com\/wp-content\/uploads\/2021\/12\/juan.png\">\r\n\t<\/div>\r\n \t<div class=\"gallery-item\">\r\n\t\t<img class=\"owl-lazy\" data-src=\"https:\/\/appletransvn.com\/wp-content\/uploads\/2021\/12\/beautizon.png\">\r\n\t<\/div>\r\n \t<div class=\"gallery-item\">\r\n\t\t<img class=\"owl-lazy\" data-src=\"https:\/\/appletransvn.com\/wp-content\/uploads\/2021\/12\/helu.png\">\r\n\t<\/div>\r\n \t<div class=\"gallery-item\">\r\n\t\t<img class=\"owl-lazy\" data-src=\"https:\/\/appletransvn.com\/wp-content\/uploads\/2021\/12\/vnp.png\">\r\n\t<\/div>\r\n \t<div class=\"gallery-item\">\r\n\t\t<img class=\"owl-lazy\" data-src=\"https:\/\/appletransvn.com\/wp-content\/uploads\/2021\/12\/tagi.png\">\r\n\t<\/div>\r\n \t<div class=\"gallery-item\">\r\n\t\t<img class=\"owl-lazy\" data-src=\"https:\/\/appletransvn.com\/wp-content\/uploads\/2021\/12\/redsun.png\">\r\n\t<\/div>\r\n \t<div class=\"gallery-item\">\r\n\t\t<img class=\"owl-lazy\" data-src=\"https:\/\/appletransvn.com\/wp-content\/uploads\/2021\/12\/mesa.png\">\r\n\t<\/div>\r\n \t<div class=\"gallery-item\">\r\n\t\t<img class=\"owl-lazy\" data-src=\"https:\/\/appletransvn.com\/wp-content\/uploads\/2021\/12\/mmh.png\">\r\n\t<\/div>\r\n \t<div class=\"gallery-item\">\r\n\t\t<img class=\"owl-lazy\" data-src=\"https:\/\/appletransvn.com\/wp-content\/uploads\/2021\/12\/one.png\">\r\n\t<\/div>\r\n \t<div class=\"gallery-item\">\r\n\t\t<img class=\"owl-lazy\" data-src=\"https:\/\/appletransvn.com\/wp-content\/uploads\/2021\/12\/wanhai.png\">\r\n\t<\/div>\r\n \t<div class=\"gallery-item\">\r\n\t\t<img class=\"owl-lazy\" data-src=\"https:\/\/appletransvn.com\/wp-content\/uploads\/2021\/12\/pil.png\">\r\n\t<\/div>\r\n \t<div class=\"gallery-item\">\r\n\t\t<img class=\"owl-lazy\" data-src=\"https:\/\/appletransvn.com\/wp-content\/uploads\/2021\/12\/yangming.png\">\r\n\t<\/div>\r\n \t<div class=\"gallery-item\">\r\n\t\t<img class=\"owl-lazy\" data-src=\"https:\/\/appletransvn.com\/wp-content\/uploads\/2021\/12\/oocl.png\">\r\n\t<\/div>\r\n \t<div class=\"gallery-item\">\r\n\t\t<img class=\"owl-lazy\" data-src=\"https:\/\/appletransvn.com\/wp-content\/uploads\/2021\/12\/cosco.png\">\r\n\t<\/div>\r\n \t<div class=\"gallery-item\">\r\n\t\t<img class=\"owl-lazy\" data-src=\"https:\/\/appletransvn.com\/wp-content\/uploads\/2021\/12\/navi-control.png\">\r\n\t<\/div>\r\n \t<div class=\"gallery-item\">\r\n\t\t<img class=\"owl-lazy\" data-src=\"https:\/\/appletransvn.com\/wp-content\/uploads\/2021\/12\/vietcert.png\">\r\n\t<\/div>\r\n \t<div class=\"gallery-item\">\r\n\t\t<img class=\"owl-lazy\" data-src=\"https:\/\/appletransvn.com\/wp-content\/uploads\/2021\/12\/vietnam-control.png\">\r\n\t<\/div>\r\n \t<div class=\"gallery-item\">\r\n\t\t<img class=\"owl-lazy\" data-src=\"https:\/\/appletransvn.com\/wp-content\/uploads\/2021\/12\/laclong.png\">\r\n\t<\/div>\r\n \t<div class=\"gallery-item\">\r\n\t\t<img class=\"owl-lazy\" data-src=\"https:\/\/appletransvn.com\/wp-content\/uploads\/2021\/12\/cma.png\">\r\n\t<\/div>\r\n \t\t <\/div>\r\n <\/div>\r\n[vc_empty_space height=&#8221;40px&#8221;][\/vc_column][\/vc_row]<\/p>\n","protected":false},"excerpt":{"rendered":"<p>[vc_row full_width=&#8221;stretch_row&#8221; content_placement=&#8221;middle&#8221; css=&#8221;.vc_custom_1643089330982{padding-top: 20px !important;padding-bottom: 80px !important;background-position: center !important;background-repeat: no-repeat !important;background-size: cover !important;}&#8221; el_class=&#8221;row-over&#8221; el_id=&#8221;about-us&#8221;][vc_column width=&#8221;5\/12&#8243;][vc_single_image image=&#8221;591&#8243; img_size=&#8221;large&#8221;][\/vc_column][vc_column width=&#8221;7\/12&#8243;][vc_custom_heading text=&#8221;V\u1ec1 Ch\u00fang T\u00f4i&#8221; use_theme_fonts=&#8221;yes&#8221; el_class=&#8221;title-text-1 text-SSP&#8221;][vc_custom_heading text=&#8221;Apple Trans Co., LTD&#8221; use_theme_fonts=&#8221;yes&#8221; el_class=&#8221;title-text-2 text-SSP&#8221;][vc_column_text el_class=&#8221;content-about-us&#8221;]N\u0103m 2021 sau 2 n\u0103m c\u1ea3 th\u1ebf gi\u1edbi bi\u1ebft \u0111\u1ebfn ch\u1ee7ng Vi rut Corona (b\u1ec7nh vi\u00eam \u0111\u01b0\u1eddng h\u00f4 h\u1ea5p c\u1ea5p) C\u00e1c n\u01b0\u1edbc<\/p>\n","protected":false},"author":1,"featured_media":0,"parent":0,"menu_order":0,"comment_status":"closed","ping_status":"closed","template":"page-templates\/fullwidthpage.php","meta":{"inline_featured_image":false,"footnotes":""},"class_list":["post-10","page","type-page","status-publish","hentry"],"yoast_head":"<!-- This site is optimized with the Yoast SEO plugin v26.5 - https:\/\/yoast.com\/wordpress\/plugins\/seo\/ -->\n<title>V\u1ec1 ch\u00fang t\u00f4i - Apple Trans<\/title>\n<meta name=\"robots\" content=\"index, follow, max-snippet:-1, max-image-preview:large, max-video-preview:-1\" \/>\n<link rel=\"canonical\" href=\"https:\/\/appletransvn.com\/vi\/gioi-thieu\/\" \/>\n<meta property=\"og:locale\" content=\"vi_VN\" \/>\n<meta property=\"og:type\" content=\"article\" \/>\n<meta property=\"og:title\" content=\"V\u1ec1 ch\u00fang t\u00f4i - Apple Trans\" \/>\n<meta property=\"og:description\" content=\"[vc_row full_width=&#8221;stretch_row&#8221; content_placement=&#8221;middle&#8221; css=&#8221;.vc_custom_1643089330982{padding-top: 20px !important;padding-bottom: 80px !important;background-position: center !important;background-repeat: no-repeat !important;background-size: cover !important;}&#8221; el_class=&#8221;row-over&#8221; el_id=&#8221;about-us&#8221;][vc_column width=&#8221;5\/12&#8243;][vc_single_image image=&#8221;591&#8243; img_size=&#8221;large&#8221;][\/vc_column][vc_column width=&#8221;7\/12&#8243;][vc_custom_heading text=&#8221;V\u1ec1 Ch\u00fang T\u00f4i&#8221; use_theme_fonts=&#8221;yes&#8221; el_class=&#8221;title-text-1 text-SSP&#8221;][vc_custom_heading text=&#8221;Apple Trans Co., LTD&#8221; use_theme_fonts=&#8221;yes&#8221; el_class=&#8221;title-text-2 text-SSP&#8221;][vc_column_text el_class=&#8221;content-about-us&#8221;]N\u0103m 2021 sau 2 n\u0103m c\u1ea3 th\u1ebf gi\u1edbi bi\u1ebft \u0111\u1ebfn ch\u1ee7ng Vi rut Corona (b\u1ec7nh vi\u00eam \u0111\u01b0\u1eddng h\u00f4 h\u1ea5p c\u1ea5p) C\u00e1c n\u01b0\u1edbc\" \/>\n<meta property=\"og:url\" content=\"https:\/\/appletransvn.com\/vi\/gioi-thieu\/\" \/>\n<meta property=\"og:site_name\" content=\"Apple Trans\" \/>\n<meta property=\"article:modified_time\" content=\"2025-12-12T07:21:55+00:00\" \/>\n<meta name=\"twitter:card\" content=\"summary_large_image\" \/>\n<meta name=\"twitter:label1\" content=\"Est. reading time\" \/>\n\t<meta name=\"twitter:data1\" content=\"8 minutes\" \/>\n<script type=\"application\/ld+json\" class=\"yoast-schema-graph\">{\"@context\":\"https:\/\/schema.org\",\"@graph\":[{\"@type\":\"WebPage\",\"@id\":\"https:\/\/appletransvn.com\/vi\/gioi-thieu\/\",\"url\":\"https:\/\/appletransvn.com\/vi\/gioi-thieu\/\",\"name\":\"V\u1ec1 ch\u00fang t\u00f4i - Apple Trans\",\"isPartOf\":{\"@id\":\"https:\/\/appletransvn.com\/#website\"},\"datePublished\":\"2020-08-04T00:22:18+00:00\",\"dateModified\":\"2025-12-12T07:21:55+00:00\",\"breadcrumb\":{\"@id\":\"https:\/\/appletransvn.com\/vi\/gioi-thieu\/#breadcrumb\"},\"inLanguage\":\"vi-VN\",\"potentialAction\":[{\"@type\":\"ReadAction\",\"target\":[\"https:\/\/appletransvn.com\/vi\/gioi-thieu\/\"]}]},{\"@type\":\"BreadcrumbList\",\"@id\":\"https:\/\/appletransvn.com\/vi\/gioi-thieu\/#breadcrumb\",\"itemListElement\":[{\"@type\":\"ListItem\",\"position\":1,\"name\":\"Trang ch\u1ee7\",\"item\":\"https:\/\/appletransvn.com\/vi\/\"},{\"@type\":\"ListItem\",\"position\":2,\"name\":\"V\u1ec1 ch\u00fang t\u00f4i\"}]},{\"@type\":\"WebSite\",\"@id\":\"https:\/\/appletransvn.com\/#website\",\"url\":\"https:\/\/appletransvn.com\/\",\"name\":\"Apple Trans\",\"description\":\"\u0110\u01a1n v\u1ecb v\u1eadn chuy\u1ec3n Logistics h\u00e0ng \u0111\u1ea7u Vi\u1ec7t Nam\",\"potentialAction\":[{\"@type\":\"SearchAction\",\"target\":{\"@type\":\"EntryPoint\",\"urlTemplate\":\"https:\/\/appletransvn.com\/?s={search_term_string}\"},\"query-input\":{\"@type\":\"PropertyValueSpecification\",\"valueRequired\":true,\"valueName\":\"search_term_string\"}}],\"inLanguage\":\"vi-VN\"}]}<\/script>\n<!-- \/ Yoast SEO plugin. -->","yoast_head_json":{"title":"V\u1ec1 ch\u00fang t\u00f4i - Apple Trans","robots":{"index":"index","follow":"follow","max-snippet":"max-snippet:-1","max-image-preview":"max-image-preview:large","max-video-preview":"max-video-preview:-1"},"canonical":"https:\/\/appletransvn.com\/vi\/gioi-thieu\/","og_locale":"vi_VN","og_type":"article","og_title":"V\u1ec1 ch\u00fang t\u00f4i - Apple Trans","og_description":"[vc_row full_width=&#8221;stretch_row&#8221; content_placement=&#8221;middle&#8221; css=&#8221;.vc_custom_1643089330982{padding-top: 20px !important;padding-bottom: 80px !important;background-position: center !important;background-repeat: no-repeat !important;background-size: cover !important;}&#8221; el_class=&#8221;row-over&#8221; el_id=&#8221;about-us&#8221;][vc_column width=&#8221;5\/12&#8243;][vc_single_image image=&#8221;591&#8243; img_size=&#8221;large&#8221;][\/vc_column][vc_column width=&#8221;7\/12&#8243;][vc_custom_heading text=&#8221;V\u1ec1 Ch\u00fang T\u00f4i&#8221; use_theme_fonts=&#8221;yes&#8221; el_class=&#8221;title-text-1 text-SSP&#8221;][vc_custom_heading text=&#8221;Apple Trans Co., LTD&#8221; use_theme_fonts=&#8221;yes&#8221; el_class=&#8221;title-text-2 text-SSP&#8221;][vc_column_text el_class=&#8221;content-about-us&#8221;]N\u0103m 2021 sau 2 n\u0103m c\u1ea3 th\u1ebf gi\u1edbi bi\u1ebft \u0111\u1ebfn ch\u1ee7ng Vi rut Corona (b\u1ec7nh vi\u00eam \u0111\u01b0\u1eddng h\u00f4 h\u1ea5p c\u1ea5p) C\u00e1c n\u01b0\u1edbc","og_url":"https:\/\/appletransvn.com\/vi\/gioi-thieu\/","og_site_name":"Apple Trans","article_modified_time":"2025-12-12T07:21:55+00:00","twitter_card":"summary_large_image","twitter_misc":{"Est. reading time":"8 minutes"},"schema":{"@context":"https:\/\/schema.org","@graph":[{"@type":"WebPage","@id":"https:\/\/appletransvn.com\/vi\/gioi-thieu\/","url":"https:\/\/appletransvn.com\/vi\/gioi-thieu\/","name":"V\u1ec1 ch\u00fang t\u00f4i - Apple Trans","isPartOf":{"@id":"https:\/\/appletransvn.com\/#website"},"datePublished":"2020-08-04T00:22:18+00:00","dateModified":"2025-12-12T07:21:55+00:00","breadcrumb":{"@id":"https:\/\/appletransvn.com\/vi\/gioi-thieu\/#breadcrumb"},"inLanguage":"vi-VN","potentialAction":[{"@type":"ReadAction","target":["https:\/\/appletransvn.com\/vi\/gioi-thieu\/"]}]},{"@type":"BreadcrumbList","@id":"https:\/\/appletransvn.com\/vi\/gioi-thieu\/#breadcrumb","itemListElement":[{"@type":"ListItem","position":1,"name":"Trang ch\u1ee7","item":"https:\/\/appletransvn.com\/vi\/"},{"@type":"ListItem","position":2,"name":"V\u1ec1 ch\u00fang t\u00f4i"}]},{"@type":"WebSite","@id":"https:\/\/appletransvn.com\/#website","url":"https:\/\/appletransvn.com\/","name":"Apple Trans","description":"\u0110\u01a1n v\u1ecb v\u1eadn chuy\u1ec3n Logistics h\u00e0ng \u0111\u1ea7u Vi\u1ec7t Nam","potentialAction":[{"@type":"SearchAction","target":{"@type":"EntryPoint","urlTemplate":"https:\/\/appletransvn.com\/?s={search_term_string}"},"query-input":{"@type":"PropertyValueSpecification","valueRequired":true,"valueName":"search_term_string"}}],"inLanguage":"vi-VN"}]}},"_links":{"self":[{"href":"https:\/\/appletransvn.com\/vi\/wp-json\/wp\/v2\/pages\/10","targetHints":{"allow":["GET"]}}],"collection":[{"href":"https:\/\/appletransvn.com\/vi\/wp-json\/wp\/v2\/pages"}],"about":[{"href":"https:\/\/appletransvn.com\/vi\/wp-json\/wp\/v2\/types\/page"}],"author":[{"embeddable":true,"href":"https:\/\/appletransvn.com\/vi\/wp-json\/wp\/v2\/users\/1"}],"replies":[{"embeddable":true,"href":"https:\/\/appletransvn.com\/vi\/wp-json\/wp\/v2\/comments?post=10"}],"version-history":[{"count":56,"href":"https:\/\/appletransvn.com\/vi\/wp-json\/wp\/v2\/pages\/10\/revisions"}],"predecessor-version":[{"id":4346,"href":"https:\/\/appletransvn.com\/vi\/wp-json\/wp\/v2\/pages\/10\/revisions\/4346"}],"wp:attachment":[{"href":"https:\/\/appletransvn.com\/vi\/wp-json\/wp\/v2\/media?parent=10"}],"curies":[{"name":"wp","href":"https:\/\/api.w.org\/{rel}","templated":true}]}}