{"id":7,"date":"2020-08-04T07:21:48","date_gmt":"2020-08-04T07:21:48","guid":{"rendered":"http:\/\/template.southteam.co\/?page_id=7"},"modified":"2026-04-11T09:31:21","modified_gmt":"2026-04-11T02:31:21","slug":"lien-he","status":"publish","type":"page","link":"https:\/\/appletransvn.com\/vi\/lien-he\/","title":{"rendered":"Li\u00ean h\u1ec7"},"content":{"rendered":"<p>[vc_row equal_height=&#8221;yes&#8221; content_placement=&#8221;middle&#8221; css=&#8221;.vc_custom_1646023114531{padding-bottom: 35px !important;}&#8221;][vc_column width=&#8221;7\/12&#8243; css=&#8221;.vc_custom_1640682630837{margin-bottom: 15px !important;padding-top: 35px !important;padding-right: 15px !important;padding-bottom: 35px !important;padding-left: 15px !important;background-color: #f5f6f6 !important;}&#8221;]\n<div class=\"wpcf7 no-js\" id=\"wpcf7-f5-o1\" lang=\"vi\" dir=\"ltr\" data-wpcf7-id=\"5\">\n<div class=\"screen-reader-response\"><p role=\"status\" aria-live=\"polite\" aria-atomic=\"true\"><\/p> <ul><\/ul><\/div>\n<form action=\"\/vi\/wp-json\/wp\/v2\/pages\/7#wpcf7-f5-o1\" method=\"post\" class=\"wpcf7-form init\" aria-label=\"Contact form\" novalidate=\"novalidate\" data-status=\"init\">\n<fieldset class=\"hidden-fields-container\"><input type=\"hidden\" name=\"_wpcf7\" value=\"5\" \/><input type=\"hidden\" name=\"_wpcf7_version\" value=\"6.1.4\" \/><input type=\"hidden\" name=\"_wpcf7_locale\" value=\"vi\" \/><input type=\"hidden\" name=\"_wpcf7_unit_tag\" value=\"wpcf7-f5-o1\" \/><input type=\"hidden\" name=\"_wpcf7_container_post\" value=\"0\" \/><input type=\"hidden\" name=\"_wpcf7_posted_data_hash\" value=\"\" \/>\n<\/fieldset>\n<div class=\"row\">\n\t<div class=\"col-md-6\">\n\t\t<p><span class=\"wpcf7-form-control-wrap\" data-name=\"your-name\"><input size=\"40\" maxlength=\"400\" class=\"wpcf7-form-control wpcf7-text wpcf7-validates-as-required rounded-0 mb-3 p-2\" aria-required=\"true\" aria-invalid=\"false\" placeholder=\"H\u1ecd v\u00e0 t\u00ean\" value=\"\" type=\"text\" name=\"your-name\" \/><\/span>\n\t\t<\/p>\n\t<\/div>\n\t<div class=\"col-md-6\">\n\t\t<p><span class=\"wpcf7-form-control-wrap\" data-name=\"your-email\"><input size=\"40\" maxlength=\"400\" class=\"wpcf7-form-control wpcf7-email wpcf7-validates-as-required wpcf7-text wpcf7-validates-as-email rounded-0 mb-3 p-2\" aria-required=\"true\" aria-invalid=\"false\" placeholder=\"Email\" value=\"\" type=\"email\" name=\"your-email\" \/><\/span>\n\t\t<\/p>\n\t<\/div>\n\t<div class=\"col-md-6\">\n\t\t<p><span class=\"wpcf7-form-control-wrap\" data-name=\"tel-822\"><input size=\"40\" maxlength=\"400\" class=\"wpcf7-form-control wpcf7-tel wpcf7-text wpcf7-validates-as-tel rounded-0 mb-3 p-2\" aria-invalid=\"false\" placeholder=\"S\u1ed1 \u0111i\u1ec7n tho\u1ea1i\" value=\"\" type=\"tel\" name=\"tel-822\" \/><\/span>\n\t\t<\/p>\n\t<\/div>\n\t<div class=\"col-md-6\">\n\t\t<p><span class=\"wpcf7-form-control-wrap\" data-name=\"your-subject\"><input size=\"40\" maxlength=\"400\" class=\"wpcf7-form-control wpcf7-text rounded-0 mb-3 p-2\" aria-invalid=\"false\" placeholder=\"Ch\u1ee7 \u0111\u1ec1\" value=\"\" type=\"text\" name=\"your-subject\" \/><\/span>\n\t\t<\/p>\n\t<\/div>\n\t<div class=\"col-12\">\n\t\t<p><span class=\"wpcf7-form-control-wrap\" data-name=\"your-message\"><textarea cols=\"10\" rows=\"4\" maxlength=\"2000\" class=\"wpcf7-form-control wpcf7-textarea rounded-0 mb-3 p-2\" aria-invalid=\"false\" placeholder=\"L\u1eddi nh\u1eafn\" name=\"your-message\"><\/textarea><\/span>\n\t\t<\/p>\n\t<\/div>\n\t<div class=\"col-lg-4\">\n\t\t<p><input class=\"wpcf7-form-control wpcf7-submit has-spinner btn btn-primary btn-block rounded-0\" type=\"submit\" value=\"G\u1eedi \u0111i\" \/>\n\t\t<\/p>\n\t<\/div>\n<\/div><div class=\"wpcf7-response-output\" aria-hidden=\"true\"><\/div>\n<\/form>\n<\/div>\n[\/vc_column][vc_column width=&#8221;5\/12&#8243; el_class=&#8221;contact-info&#8221;][vc_custom_heading text=&#8221;Th\u00f4ng tin li\u00ean h\u1ec7&#8221; use_theme_fonts=&#8221;yes&#8221; el_class=&#8221;text-uppercase text-primary mb-0 text-oswald&#8221;]<div class=\"wt-separator-outer  wpb_animate_when_almost_visible wpb_ \">\r\n    <div class=\"wt-separator style-square\">\r\n        <span class=\"separator-left bg-primary\"><\/span>\r\n        <span class=\"separator-right bg-primary\"><\/span>\r\n    <\/div>\r\n<\/div>\r\n[vc_column_text el_class=&#8221;mb-1&#8243;]N\u1ebfu b\u1ea1n c\u00f3 b\u1ea5t k\u00ec th\u1eafc m\u1eafc n\u00e0o, vui l\u00f2ng li\u00ean h\u1ec7 v\u1edbi ch\u00fang t\u00f4i v\u1edbi th\u00f4ng tin sau:[\/vc_column_text]<div class=\"item mb-3 icon-title-2  wpb_animate_when_almost_visible wpb_ \">\r\n    <div class=\"media align-items-center d-flex\">\r\n        <div class=\"media-icon\"><i class=\"fa-2x fas fa-home bg-primary\"><\/i><\/div>\r\n        <div class=\"media-body\"> <h5 class=\"text-uppercase text-justify mb-0\">C\u00d4NG TY TNHH TH\u01af\u01a0NG M\u1ea0I D\u1ecaCH V\u1ee4 GIAO NH\u1eacN QU\u1ea2 T\u00c1O<\/h5>\r\n            <p class=\"description text-justify m-0\"><\/p>\r\n        <\/div>\r\n    <\/div>\r\n<\/div>\r\n<div class=\"item mb-3 icon-title-2  wpb_animate_when_almost_visible wpb_ \">\r\n    <div class=\"media align-items-center d-flex\">\r\n        <div class=\"media-icon\"><i class=\"fa-2x fas fa-map-marker-alt bg-primary\"><\/i><\/div>\r\n        <div class=\"media-body\"> <h5 class=\"text-uppercase text-justify mb-0\">\u0110\u1ecba ch\u1ec9:<\/h5>\r\n            <p class=\"description text-justify m-0\">L\u1ea7u 2, to\u00e0 nh\u00e0 v\u0103n ph\u00f2ng V\u1ea1n L\u1ee3i, s\u1ed1 207A Nguy\u1ec5n V\u0103n Th\u1ee7, Ph\u01b0\u1eddng T\u00e2n \u0110\u1ecbnh, TP H\u1ed3 Ch\u00ed Minh, Vi\u1ec7t Nam<\/p>\r\n        <\/div>\r\n    <\/div>\r\n<\/div>\r\n<div class=\"item mb-3 icon-title-2  wpb_animate_when_almost_visible wpb_ \">\r\n    <div class=\"media align-items-center d-flex\">\r\n        <div class=\"media-icon\"><i class=\"fa-2x fas fa-phone-alt bg-primary\"><\/i><\/div>\r\n        <div class=\"media-body\"> <h5 class=\"text-uppercase text-justify mb-0\">Phone<\/h5>\r\n            <p class=\"description text-justify m-0\">(+84) 909 12 9297<\/p>\r\n        <\/div>\r\n    <\/div>\r\n<\/div>\r\n<div class=\"item mb-3 icon-title-2  wpb_animate_when_almost_visible wpb_ \">\r\n    <div class=\"media align-items-center d-flex\">\r\n        <div class=\"media-icon\"><i class=\"fa-2x fas fa-envelope bg-primary\"><\/i><\/div>\r\n        <div class=\"media-body\"> <h5 class=\"text-uppercase text-justify mb-0\">Email<\/h5>\r\n            <p class=\"description text-justify m-0\">sales@appletransvn.com<\/p>\r\n        <\/div>\r\n    <\/div>\r\n<\/div>\r\n[\/vc_column][\/vc_row][vc_row full_width=&#8221;stretch_row_content_no_spaces&#8221;][vc_column][vc_gmaps link=&#8221;#E-8_JTNDaWZyYW1lJTIwc3JjJTNEJTIyaHR0cHMlM0ElMkYlMkZ3d3cuZ29vZ2xlLmNvbSUyRm1hcHMlMkZlbWJlZCUzRnBiJTNEJTIxMW0xOCUyMTFtMTIlMjExbTMlMjExZDk3OS43ODkxNjczNDE4OTIlMjEyZDEwNi42Nzc5NzU0OTk4Mzk3OSUyMTNkMTAuNzk5MzEwMTkzOTcwOTIlMjEybTMlMjExZjAlMjEyZjAlMjEzZjAlMjEzbTIlMjExaTEwMjQlMjEyaTc2OCUyMTRmMTMuMSUyMTNtMyUyMTFtMiUyMTFzMHgzMTc1Mjk2Y2ZjOTg5MGFmJTI1M0EweDRhYjI1ZmIzM2RjMzM3ZmQlMjEyc0FQUExFJTI1MjBUUkFOUyUyNTIwQ08uJTI1MkMlMjUyMExURCUyMTVlMCUyMTNtMiUyMTFzdmklMjEycyUyMTR2MTY0NTU4NjY4Nzk0MiUyMTVtMiUyMTFzdmklMjEycyUyMiUyMHdpZHRoJTNEJTIyNjAwJTIyJTIwaGVpZ2h0JTNEJTIyNDUwJTIyJTIwc3R5bGUlM0QlMjJib3JkZXIlM0EwJTNCJTIyJTIwYWxsb3dmdWxsc2NyZWVuJTNEJTIyJTIyJTIwbG9hZGluZyUzRCUyMmxhenklMjIlM0UlM0MlMkZpZnJhbWUlM0U=&#8221;][\/vc_column][\/vc_row]<\/p>\n","protected":false},"excerpt":{"rendered":"<p>[vc_row equal_height=&#8221;yes&#8221; content_placement=&#8221;middle&#8221; css=&#8221;.vc_custom_1646023114531{padding-bottom: 35px !important;}&#8221;][vc_column width=&#8221;7\/12&#8243; css=&#8221;.vc_custom_1640682630837{margin-bottom: 15px !important;padding-top: 35px !important;padding-right: 15px !important;padding-bottom: 35px !important;padding-left: 15px !important;background-color: #f5f6f6 !important;}&#8221;][\/vc_column][vc_column width=&#8221;5\/12&#8243; el_class=&#8221;contact-info&#8221;][vc_custom_heading text=&#8221;Th\u00f4ng tin li\u00ean h\u1ec7&#8221; use_theme_fonts=&#8221;yes&#8221; el_class=&#8221;text-uppercase text-primary mb-0 text-oswald&#8221;][vc_column_text el_class=&#8221;mb-1&#8243;]N\u1ebfu b\u1ea1n c\u00f3 b\u1ea5t k\u00ec th\u1eafc m\u1eafc n\u00e0o, vui l\u00f2ng li\u00ean h\u1ec7 v\u1edbi ch\u00fang t\u00f4i v\u1edbi th\u00f4ng tin sau:[\/vc_column_text][\/vc_column][\/vc_row][vc_row full_width=&#8221;stretch_row_content_no_spaces&#8221;][vc_column][vc_gmaps link=&#8221;#E-8_JTNDaWZyYW1lJTIwc3JjJTNEJTIyaHR0cHMlM0ElMkYlMkZ3d3cuZ29vZ2xlLmNvbSUyRm1hcHMlMkZlbWJlZCUzRnBiJTNEJTIxMW0xOCUyMTFtMTIlMjExbTMlMjExZDk3OS43ODkxNjczNDE4OTIlMjEyZDEwNi42Nzc5NzU0OTk4Mzk3OSUyMTNkMTAuNzk5MzEwMTkzOTcwOTIlMjEybTMlMjExZjAlMjEyZjAlMjEzZjAlMjEzbTIlMjExaTEwMjQlMjEyaTc2OCUyMTRmMTMuMSUyMTNtMyUyMTFtMiUyMTFzMHgzMTc1Mjk2Y2ZjOTg5MGFmJTI1M0EweDRhYjI1ZmIzM2RjMzM3ZmQlMjEyc0FQUExFJTI1MjBUUkFOUyUyNTIwQ08uJTI1MkMlMjUyMExURCUyMTVlMCUyMTNtMiUyMTFzdmklMjEycyUyMTR2MTY0NTU4NjY4Nzk0MiUyMTVtMiUyMTFzdmklMjEycyUyMiUyMHdpZHRoJTNEJTIyNjAwJTIyJTIwaGVpZ2h0JTNEJTIyNDUwJTIyJTIwc3R5bGUlM0QlMjJib3JkZXIlM0EwJTNCJTIyJTIwYWxsb3dmdWxsc2NyZWVuJTNEJTIyJTIyJTIwbG9hZGluZyUzRCUyMmxhenklMjIlM0UlM0MlMkZpZnJhbWUlM0U=&#8221;][\/vc_column][\/vc_row]<\/p>\n","protected":false},"author":1,"featured_media":0,"parent":0,"menu_order":0,"comment_status":"closed","ping_status":"closed","template":"page-templates\/fullwidthpage.php","meta":{"inline_featured_image":false,"footnotes":""},"class_list":["post-7","page","type-page","status-publish","hentry"],"yoast_head":"<!-- This site is optimized with the Yoast SEO plugin v26.5 - https:\/\/yoast.com\/wordpress\/plugins\/seo\/ -->\n<title>Li\u00ean h\u1ec7 - Apple Trans<\/title>\n<meta name=\"robots\" content=\"index, follow, max-snippet:-1, max-image-preview:large, max-video-preview:-1\" \/>\n<link rel=\"canonical\" href=\"https:\/\/appletransvn.com\/vi\/lien-he\/\" \/>\n<meta property=\"og:locale\" content=\"vi_VN\" \/>\n<meta property=\"og:type\" content=\"article\" \/>\n<meta property=\"og:title\" content=\"Li\u00ean h\u1ec7 - Apple Trans\" \/>\n<meta property=\"og:description\" content=\"[vc_row equal_height=&#8221;yes&#8221; content_placement=&#8221;middle&#8221; css=&#8221;.vc_custom_1646023114531{padding-bottom: 35px !important;}&#8221;][vc_column width=&#8221;7\/12&#8243; css=&#8221;.vc_custom_1640682630837{margin-bottom: 15px !important;padding-top: 35px !important;padding-right: 15px !important;padding-bottom: 35px !important;padding-left: 15px !important;background-color: #f5f6f6 !important;}&#8221;][\/vc_column][vc_column width=&#8221;5\/12&#8243; el_class=&#8221;contact-info&#8221;][vc_custom_heading text=&#8221;Th\u00f4ng tin li\u00ean h\u1ec7&#8221; use_theme_fonts=&#8221;yes&#8221; el_class=&#8221;text-uppercase text-primary mb-0 text-oswald&#8221;][vc_column_text el_class=&#8221;mb-1&#8243;]N\u1ebfu b\u1ea1n c\u00f3 b\u1ea5t k\u00ec th\u1eafc m\u1eafc n\u00e0o, vui l\u00f2ng li\u00ean h\u1ec7 v\u1edbi ch\u00fang t\u00f4i v\u1edbi th\u00f4ng tin sau:[\/vc_column_text][\/vc_column][\/vc_row][vc_row full_width=&#8221;stretch_row_content_no_spaces&#8221;][vc_column][vc_gmaps link=&#8221;#E-8_JTNDaWZyYW1lJTIwc3JjJTNEJTIyaHR0cHMlM0ElMkYlMkZ3d3cuZ29vZ2xlLmNvbSUyRm1hcHMlMkZlbWJlZCUzRnBiJTNEJTIxMW0xOCUyMTFtMTIlMjExbTMlMjExZDk3OS43ODkxNjczNDE4OTIlMjEyZDEwNi42Nzc5NzU0OTk4Mzk3OSUyMTNkMTAuNzk5MzEwMTkzOTcwOTIlMjEybTMlMjExZjAlMjEyZjAlMjEzZjAlMjEzbTIlMjExaTEwMjQlMjEyaTc2OCUyMTRmMTMuMSUyMTNtMyUyMTFtMiUyMTFzMHgzMTc1Mjk2Y2ZjOTg5MGFmJTI1M0EweDRhYjI1ZmIzM2RjMzM3ZmQlMjEyc0FQUExFJTI1MjBUUkFOUyUyNTIwQ08uJTI1MkMlMjUyMExURCUyMTVlMCUyMTNtMiUyMTFzdmklMjEycyUyMTR2MTY0NTU4NjY4Nzk0MiUyMTVtMiUyMTFzdmklMjEycyUyMiUyMHdpZHRoJTNEJTIyNjAwJTIyJTIwaGVpZ2h0JTNEJTIyNDUwJTIyJTIwc3R5bGUlM0QlMjJib3JkZXIlM0EwJTNCJTIyJTIwYWxsb3dmdWxsc2NyZWVuJTNEJTIyJTIyJTIwbG9hZGluZyUzRCUyMmxhenklMjIlM0UlM0MlMkZpZnJhbWUlM0U=&#8221;][\/vc_column][\/vc_row]\" \/>\n<meta property=\"og:url\" content=\"https:\/\/appletransvn.com\/vi\/lien-he\/\" \/>\n<meta property=\"og:site_name\" content=\"Apple Trans\" \/>\n<meta property=\"article:modified_time\" content=\"2026-04-11T02:31:21+00:00\" \/>\n<meta name=\"twitter:card\" content=\"summary_large_image\" \/>\n<meta name=\"twitter:label1\" content=\"Est. reading time\" \/>\n\t<meta name=\"twitter:data1\" content=\"1 minute\" \/>\n<script type=\"application\/ld+json\" class=\"yoast-schema-graph\">{\"@context\":\"https:\/\/schema.org\",\"@graph\":[{\"@type\":\"WebPage\",\"@id\":\"https:\/\/appletransvn.com\/vi\/lien-he\/\",\"url\":\"https:\/\/appletransvn.com\/vi\/lien-he\/\",\"name\":\"Li\u00ean h\u1ec7 - Apple Trans\",\"isPartOf\":{\"@id\":\"https:\/\/appletransvn.com\/#website\"},\"datePublished\":\"2020-08-04T07:21:48+00:00\",\"dateModified\":\"2026-04-11T02:31:21+00:00\",\"breadcrumb\":{\"@id\":\"https:\/\/appletransvn.com\/vi\/lien-he\/#breadcrumb\"},\"inLanguage\":\"vi-VN\",\"potentialAction\":[{\"@type\":\"ReadAction\",\"target\":[\"https:\/\/appletransvn.com\/vi\/lien-he\/\"]}]},{\"@type\":\"BreadcrumbList\",\"@id\":\"https:\/\/appletransvn.com\/vi\/lien-he\/#breadcrumb\",\"itemListElement\":[{\"@type\":\"ListItem\",\"position\":1,\"name\":\"Trang ch\u1ee7\",\"item\":\"https:\/\/appletransvn.com\/vi\/\"},{\"@type\":\"ListItem\",\"position\":2,\"name\":\"Li\u00ean h\u1ec7\"}]},{\"@type\":\"WebSite\",\"@id\":\"https:\/\/appletransvn.com\/#website\",\"url\":\"https:\/\/appletransvn.com\/\",\"name\":\"Apple Trans\",\"description\":\"\u0110\u01a1n v\u1ecb v\u1eadn chuy\u1ec3n Logistics h\u00e0ng \u0111\u1ea7u Vi\u1ec7t Nam\",\"potentialAction\":[{\"@type\":\"SearchAction\",\"target\":{\"@type\":\"EntryPoint\",\"urlTemplate\":\"https:\/\/appletransvn.com\/?s={search_term_string}\"},\"query-input\":{\"@type\":\"PropertyValueSpecification\",\"valueRequired\":true,\"valueName\":\"search_term_string\"}}],\"inLanguage\":\"vi-VN\"}]}<\/script>\n<!-- \/ Yoast SEO plugin. -->","yoast_head_json":{"title":"Li\u00ean h\u1ec7 - Apple Trans","robots":{"index":"index","follow":"follow","max-snippet":"max-snippet:-1","max-image-preview":"max-image-preview:large","max-video-preview":"max-video-preview:-1"},"canonical":"https:\/\/appletransvn.com\/vi\/lien-he\/","og_locale":"vi_VN","og_type":"article","og_title":"Li\u00ean h\u1ec7 - Apple Trans","og_description":"[vc_row equal_height=&#8221;yes&#8221; content_placement=&#8221;middle&#8221; css=&#8221;.vc_custom_1646023114531{padding-bottom: 35px !important;}&#8221;][vc_column width=&#8221;7\/12&#8243; css=&#8221;.vc_custom_1640682630837{margin-bottom: 15px !important;padding-top: 35px !important;padding-right: 15px !important;padding-bottom: 35px !important;padding-left: 15px !important;background-color: #f5f6f6 !important;}&#8221;][\/vc_column][vc_column width=&#8221;5\/12&#8243; el_class=&#8221;contact-info&#8221;][vc_custom_heading text=&#8221;Th\u00f4ng tin li\u00ean h\u1ec7&#8221; use_theme_fonts=&#8221;yes&#8221; el_class=&#8221;text-uppercase text-primary mb-0 text-oswald&#8221;][vc_column_text el_class=&#8221;mb-1&#8243;]N\u1ebfu b\u1ea1n c\u00f3 b\u1ea5t k\u00ec th\u1eafc m\u1eafc n\u00e0o, vui l\u00f2ng li\u00ean h\u1ec7 v\u1edbi ch\u00fang t\u00f4i v\u1edbi th\u00f4ng tin sau:[\/vc_column_text][\/vc_column][\/vc_row][vc_row full_width=&#8221;stretch_row_content_no_spaces&#8221;][vc_column][vc_gmaps link=&#8221;#E-8_JTNDaWZyYW1lJTIwc3JjJTNEJTIyaHR0cHMlM0ElMkYlMkZ3d3cuZ29vZ2xlLmNvbSUyRm1hcHMlMkZlbWJlZCUzRnBiJTNEJTIxMW0xOCUyMTFtMTIlMjExbTMlMjExZDk3OS43ODkxNjczNDE4OTIlMjEyZDEwNi42Nzc5NzU0OTk4Mzk3OSUyMTNkMTAuNzk5MzEwMTkzOTcwOTIlMjEybTMlMjExZjAlMjEyZjAlMjEzZjAlMjEzbTIlMjExaTEwMjQlMjEyaTc2OCUyMTRmMTMuMSUyMTNtMyUyMTFtMiUyMTFzMHgzMTc1Mjk2Y2ZjOTg5MGFmJTI1M0EweDRhYjI1ZmIzM2RjMzM3ZmQlMjEyc0FQUExFJTI1MjBUUkFOUyUyNTIwQ08uJTI1MkMlMjUyMExURCUyMTVlMCUyMTNtMiUyMTFzdmklMjEycyUyMTR2MTY0NTU4NjY4Nzk0MiUyMTVtMiUyMTFzdmklMjEycyUyMiUyMHdpZHRoJTNEJTIyNjAwJTIyJTIwaGVpZ2h0JTNEJTIyNDUwJTIyJTIwc3R5bGUlM0QlMjJib3JkZXIlM0EwJTNCJTIyJTIwYWxsb3dmdWxsc2NyZWVuJTNEJTIyJTIyJTIwbG9hZGluZyUzRCUyMmxhenklMjIlM0UlM0MlMkZpZnJhbWUlM0U=&#8221;][\/vc_column][\/vc_row]","og_url":"https:\/\/appletransvn.com\/vi\/lien-he\/","og_site_name":"Apple Trans","article_modified_time":"2026-04-11T02:31:21+00:00","twitter_card":"summary_large_image","twitter_misc":{"Est. reading time":"1 minute"},"schema":{"@context":"https:\/\/schema.org","@graph":[{"@type":"WebPage","@id":"https:\/\/appletransvn.com\/vi\/lien-he\/","url":"https:\/\/appletransvn.com\/vi\/lien-he\/","name":"Li\u00ean h\u1ec7 - Apple Trans","isPartOf":{"@id":"https:\/\/appletransvn.com\/#website"},"datePublished":"2020-08-04T07:21:48+00:00","dateModified":"2026-04-11T02:31:21+00:00","breadcrumb":{"@id":"https:\/\/appletransvn.com\/vi\/lien-he\/#breadcrumb"},"inLanguage":"vi-VN","potentialAction":[{"@type":"ReadAction","target":["https:\/\/appletransvn.com\/vi\/lien-he\/"]}]},{"@type":"BreadcrumbList","@id":"https:\/\/appletransvn.com\/vi\/lien-he\/#breadcrumb","itemListElement":[{"@type":"ListItem","position":1,"name":"Trang ch\u1ee7","item":"https:\/\/appletransvn.com\/vi\/"},{"@type":"ListItem","position":2,"name":"Li\u00ean h\u1ec7"}]},{"@type":"WebSite","@id":"https:\/\/appletransvn.com\/#website","url":"https:\/\/appletransvn.com\/","name":"Apple Trans","description":"\u0110\u01a1n v\u1ecb v\u1eadn chuy\u1ec3n Logistics h\u00e0ng \u0111\u1ea7u Vi\u1ec7t Nam","potentialAction":[{"@type":"SearchAction","target":{"@type":"EntryPoint","urlTemplate":"https:\/\/appletransvn.com\/?s={search_term_string}"},"query-input":{"@type":"PropertyValueSpecification","valueRequired":true,"valueName":"search_term_string"}}],"inLanguage":"vi-VN"}]}},"_links":{"self":[{"href":"https:\/\/appletransvn.com\/vi\/wp-json\/wp\/v2\/pages\/7","targetHints":{"allow":["GET"]}}],"collection":[{"href":"https:\/\/appletransvn.com\/vi\/wp-json\/wp\/v2\/pages"}],"about":[{"href":"https:\/\/appletransvn.com\/vi\/wp-json\/wp\/v2\/types\/page"}],"author":[{"embeddable":true,"href":"https:\/\/appletransvn.com\/vi\/wp-json\/wp\/v2\/users\/1"}],"replies":[{"embeddable":true,"href":"https:\/\/appletransvn.com\/vi\/wp-json\/wp\/v2\/comments?post=7"}],"version-history":[{"count":30,"href":"https:\/\/appletransvn.com\/vi\/wp-json\/wp\/v2\/pages\/7\/revisions"}],"predecessor-version":[{"id":4399,"href":"https:\/\/appletransvn.com\/vi\/wp-json\/wp\/v2\/pages\/7\/revisions\/4399"}],"wp:attachment":[{"href":"https:\/\/appletransvn.com\/vi\/wp-json\/wp\/v2\/media?parent=7"}],"curies":[{"name":"wp","href":"https:\/\/api.w.org\/{rel}","templated":true}]}}